{"id":643,"date":"2022-08-30T10:42:17","date_gmt":"2022-08-30T08:42:17","guid":{"rendered":"https:\/\/www.jf-clapeau.com\/NEW_JF2022\/?page_id=473"},"modified":"2024-02-29T11:55:36","modified_gmt":"2024-02-29T10:55:36","slug":"contact-2","status":"publish","type":"page","link":"http:\/\/www.jf-clapeau.com\/?page_id=643","title":{"rendered":"CONTACT"},"content":{"rendered":"[vc_row row_type=\u00a0\u00bbrow\u00a0\u00bb text_align=\u00a0\u00bbleft\u00a0\u00bb css_animation=\u00a0\u00bb\u00a0\u00bb][vc_column][vc_column_text css=\u00a0\u00bb.vc_custom_1661849003206{padding-top: 50px !important;padding-bottom: 43px !important;}\u00a0\u00bb][\/vc_column_text][\/vc_column][\/vc_row][vc_row row_type=\u00a0\u00bbrow\u00a0\u00bb text_align=\u00a0\u00bbleft\u00a0\u00bb css_animation=\u00a0\u00bb\u00a0\u00bb][vc_column][vc_column_text]\n<div id=\"PERSO_01\">\n<div id=\"PERSO_01_texte\">Pour me contacter :<\/div>\n<div id=\"PERSO_titre\">Jean-Fran\u00e7ois Clapeau<\/div>\n<div id=\"PERSO_01_texte\">10 all\u00e9e des Boutons d&rsquo;or<br \/>\n94000 Cr\u00e9teil<\/div>\n<div id=\"PERSO_01_texte\">mail : jfclapeau@sfr.fr<\/div>\n<div id=\"PERSO_01_texte\">T\u00e9l\u00e9phone : 06 20 81 53 48<\/div>\n<\/div>\n[\/vc_column_text][\/vc_column][\/vc_row]\n","protected":false},"excerpt":{"rendered":"<p>[vc_row row_type=\u00a0\u00bbrow\u00a0\u00bb text_align=\u00a0\u00bbleft\u00a0\u00bb css_animation=\u00a0\u00bb\u00a0\u00bb][vc_column][vc_column_text css=\u00a0\u00bb.vc_custom_1661849003206{padding-top: 50px !important;padding-bottom: 43px !important;}\u00a0\u00bb][\/vc_column_text][\/vc_column][\/vc_row][vc_row row_type=\u00a0\u00bbrow\u00a0\u00bb text_align=\u00a0\u00bbleft\u00a0\u00bb css_animation=\u00a0\u00bb\u00a0\u00bb][vc_column][vc_column_text] Pour me contacter : Jean-Fran\u00e7ois Clapeau 10 all\u00e9e des Boutons d&rsquo;or 94000 Cr\u00e9teil mail : jfclapeau@sfr.fr T\u00e9l\u00e9phone : 06 20 81 53 48 [\/vc_column_text][\/vc_column][\/vc_row]<\/p>\n","protected":false},"author":1,"featured_media":0,"parent":0,"menu_order":0,"comment_status":"closed","ping_status":"closed","template":"full_width.php","meta":[],"_links":{"self":[{"href":"http:\/\/www.jf-clapeau.com\/index.php?rest_route=\/wp\/v2\/pages\/643"}],"collection":[{"href":"http:\/\/www.jf-clapeau.com\/index.php?rest_route=\/wp\/v2\/pages"}],"about":[{"href":"http:\/\/www.jf-clapeau.com\/index.php?rest_route=\/wp\/v2\/types\/page"}],"author":[{"embeddable":true,"href":"http:\/\/www.jf-clapeau.com\/index.php?rest_route=\/wp\/v2\/users\/1"}],"replies":[{"embeddable":true,"href":"http:\/\/www.jf-clapeau.com\/index.php?rest_route=%2Fwp%2Fv2%2Fcomments&post=643"}],"version-history":[{"count":1,"href":"http:\/\/www.jf-clapeau.com\/index.php?rest_route=\/wp\/v2\/pages\/643\/revisions"}],"predecessor-version":[{"id":846,"href":"http:\/\/www.jf-clapeau.com\/index.php?rest_route=\/wp\/v2\/pages\/643\/revisions\/846"}],"wp:attachment":[{"href":"http:\/\/www.jf-clapeau.com\/index.php?rest_route=%2Fwp%2Fv2%2Fmedia&parent=643"}],"curies":[{"name":"wp","href":"https:\/\/api.w.org\/{rel}","templated":true}]}}